{"id":1687,"date":"2021-09-06T15:17:58","date_gmt":"2021-09-06T15:17:58","guid":{"rendered":"https:\/\/www.adigebuonpastore.it\/?p=1687"},"modified":"2023-09-23T06:00:58","modified_gmt":"2023-09-23T06:00:58","slug":"atletica-leggera","status":"publish","type":"page","link":"https:\/\/www.adigebuonpastore.it\/?page_id=1687","title":{"rendered":"Atletica leggera"},"content":{"rendered":"\t\t<div data-elementor-type=\"wp-post\" data-elementor-id=\"1687\" class=\"elementor elementor-1687\">\n\t\t\t\t\t\t\t\t\t<section class=\"elementor-section elementor-top-section elementor-element elementor-element-6a44fe8c elementor-section-boxed elementor-section-height-default elementor-section-height-default\" data-id=\"6a44fe8c\" data-element_type=\"section\">\n\t\t\t\t\t\t<div class=\"elementor-container elementor-column-gap-default\">\n\t\t\t\t\t<div class=\"elementor-column elementor-col-100 elementor-top-column elementor-element elementor-element-1fba3a66\" data-id=\"1fba3a66\" data-element_type=\"column\">\n\t\t\t<div class=\"elementor-widget-wrap elementor-element-populated\">\n\t\t\t\t\t\t\t\t<div class=\"elementor-element elementor-element-734b42ce elementor-widget elementor-widget-text-editor\" data-id=\"734b42ce\" data-element_type=\"widget\" data-widget_type=\"text-editor.default\">\n\t\t\t\t<div class=\"elementor-widget-container\">\n\t\t\t\t\t\t\t<p class=\"p1\"><span class=\"s1\">Correre, saltare, lanciare tutto questo \u00e8 atletica leggera! Che siano 100 metri o la maratona, un salto lungo o con l\u2019asta o il lancio del martello non c\u2019\u00e8 et\u00e0 per iniziare questa magnifica attivit\u00e0 sportiva. <\/span><\/p><p class=\"p1\"><span class=\"s1\">Gli allenamenti si svolgono il luned\u00ec, mercoled\u00ec e venerd\u00ec presso la palestra Lodegario di via U. Foscolo nel periodo invernale (15 settembre\/31 marzo) e alle piste di viale Olimpia nel resto dell\u2019anno. Ai bambini della scuola primaria \u00e8 riservato il primo turno dalle 17 alle 18, per la secondaria dalle 18 alle 19 e per le scuole superiori e adulti dalle 19.00 alle 20.30.<\/span><\/p><p class=\"p1\"><span class=\"s1\">Per informazioni <a href=\"mailto:info@adigebuonpastore.it\"><span class=\"s2\">info@adigebuonpastore.it<\/span><\/a> oppure Renzo : 3498925363<\/span><\/p><p class=\"p1\"><span class=\"s1\"><b>Staff Tecnico<\/b><\/span><\/p><p class=\"p2\"><span class=\"s1\"><i>Non esiste la parola \u201cnon ce la faccio\u201d \u00e8 il nostro motto<\/i><\/span><\/p>\t\t\t\t\t\t<\/div>\n\t\t\t\t<\/div>\n\t\t\t\t\t<\/div>\n\t\t<\/div>\n\t\t\t\t\t\t\t<\/div>\n\t\t<\/section>\n\t\t\t\t<section class=\"elementor-section elementor-top-section elementor-element elementor-element-b513c01 elementor-section-boxed elementor-section-height-default elementor-section-height-default\" data-id=\"b513c01\" data-element_type=\"section\">\n\t\t\t\t\t\t<div class=\"elementor-container elementor-column-gap-default\">\n\t\t\t\t\t<div class=\"elementor-column elementor-col-100 elementor-top-column elementor-element elementor-element-16045bc\" data-id=\"16045bc\" data-element_type=\"column\">\n\t\t\t<div class=\"elementor-widget-wrap elementor-element-populated\">\n\t\t\t\t\t\t\t\t<div class=\"elementor-element elementor-element-31053f2 elementor-position-left elementor-vertical-align-top elementor-widget elementor-widget-image-box\" data-id=\"31053f2\" data-element_type=\"widget\" data-widget_type=\"image-box.default\">\n\t\t\t\t<div class=\"elementor-widget-container\">\n\t\t\t<div class=\"elementor-image-box-wrapper\"><div class=\"elementor-image-box-content\"><h5 class=\"elementor-image-box-title\">Renzo Peretti <\/h5><p class=\"elementor-image-box-description\">Allenatore nazionale responsabile allenamenti<\/p><\/div><\/div>\t\t<\/div>\n\t\t\t\t<\/div>\n\t\t\t\t\t<\/div>\n\t\t<\/div>\n\t\t\t\t\t\t\t<\/div>\n\t\t<\/section>\n\t\t\t\t<section class=\"elementor-section elementor-top-section elementor-element elementor-element-7abd3f8 elementor-section-boxed elementor-section-height-default elementor-section-height-default\" data-id=\"7abd3f8\" data-element_type=\"section\">\n\t\t\t\t\t\t<div class=\"elementor-container elementor-column-gap-default\">\n\t\t\t\t\t<div class=\"elementor-column elementor-col-100 elementor-top-column elementor-element elementor-element-b6aebb0\" data-id=\"b6aebb0\" data-element_type=\"column\">\n\t\t\t<div class=\"elementor-widget-wrap elementor-element-populated\">\n\t\t\t\t\t\t\t\t<div class=\"elementor-element elementor-element-585711b elementor-position-left elementor-vertical-align-top elementor-widget elementor-widget-image-box\" data-id=\"585711b\" data-element_type=\"widget\" data-widget_type=\"image-box.default\">\n\t\t\t\t<div class=\"elementor-widget-container\">\n\t\t\t<div class=\"elementor-image-box-wrapper\"><div class=\"elementor-image-box-content\"><h5 class=\"elementor-image-box-title\">Nicola Zanetti<\/h5><p class=\"elementor-image-box-description\">Istruttore regionale responsabile lanci<\/p><\/div><\/div>\t\t<\/div>\n\t\t\t\t<\/div>\n\t\t\t\t\t<\/div>\n\t\t<\/div>\n\t\t\t\t\t\t\t<\/div>\n\t\t<\/section>\n\t\t\t\t<section class=\"elementor-section elementor-top-section elementor-element elementor-element-d6e1227 elementor-section-boxed elementor-section-height-default elementor-section-height-default\" data-id=\"d6e1227\" data-element_type=\"section\">\n\t\t\t\t\t\t<div class=\"elementor-container elementor-column-gap-default\">\n\t\t\t\t\t<div class=\"elementor-column elementor-col-100 elementor-top-column elementor-element elementor-element-3363cdc\" data-id=\"3363cdc\" data-element_type=\"column\">\n\t\t\t<div class=\"elementor-widget-wrap elementor-element-populated\">\n\t\t\t\t\t\t\t\t<div class=\"elementor-element elementor-element-203609b elementor-position-left elementor-vertical-align-top elementor-widget elementor-widget-image-box\" data-id=\"203609b\" data-element_type=\"widget\" data-widget_type=\"image-box.default\">\n\t\t\t\t<div class=\"elementor-widget-container\">\n\t\t\t<div class=\"elementor-image-box-wrapper\"><div class=\"elementor-image-box-content\"><h5 class=\"elementor-image-box-title\">Silvia Ederle<\/h5><p class=\"elementor-image-box-description\">Studente scienze motorie aiutante allenatore<\/p><\/div><\/div>\t\t<\/div>\n\t\t\t\t<\/div>\n\t\t\t\t\t<\/div>\n\t\t<\/div>\n\t\t\t\t\t\t\t<\/div>\n\t\t<\/section>\n\t\t\t\t\t\t\t<\/div>\n\t\t","protected":false},"excerpt":{"rendered":"<p>Correre, saltare, lanciare tutto questo \u00e8 atletica leggera! Che siano 100 metri o la maratona, un salto lungo o con l\u2019asta o il lancio del martello non c\u2019\u00e8 et\u00e0 per iniziare questa magnifica attivit\u00e0 sportiva. Gli allenamenti si svolgono il luned\u00ec, mercoled\u00ec e venerd\u00ec presso la palestra Lodegario di via U. Foscolo nel periodo invernale &hellip;<\/p>\n<p class=\"read-more\"> <a class=\"\" href=\"https:\/\/www.adigebuonpastore.it\/?page_id=1687\"> <span class=\"screen-reader-text\">Atletica leggera<\/span> Leggi altro &raquo;<\/a><\/p>\n","protected":false},"author":1,"featured_media":0,"parent":0,"menu_order":0,"comment_status":"closed","ping_status":"closed","template":"","meta":{"site-sidebar-layout":"default","site-content-layout":"default","ast-site-content-layout":"","site-content-style":"default","site-sidebar-style":"default","ast-global-header-display":"","ast-banner-title-visibility":"","ast-main-header-display":"","ast-hfb-above-header-display":"","ast-hfb-below-header-display":"","ast-hfb-mobile-header-display":"","site-post-title":"","ast-breadcrumbs-content":"","ast-featured-img":"disabled","footer-sml-layout":"","theme-transparent-header-meta":"default","adv-header-id-meta":"","stick-header-meta":"","header-above-stick-meta":"","header-main-stick-meta":"","header-below-stick-meta":"","astra-migrate-meta-layouts":"","footnotes":""},"class_list":["post-1687","page","type-page","status-publish","hentry"],"_links":{"self":[{"href":"https:\/\/www.adigebuonpastore.it\/index.php?rest_route=\/wp\/v2\/pages\/1687","targetHints":{"allow":["GET"]}}],"collection":[{"href":"https:\/\/www.adigebuonpastore.it\/index.php?rest_route=\/wp\/v2\/pages"}],"about":[{"href":"https:\/\/www.adigebuonpastore.it\/index.php?rest_route=\/wp\/v2\/types\/page"}],"author":[{"embeddable":true,"href":"https:\/\/www.adigebuonpastore.it\/index.php?rest_route=\/wp\/v2\/users\/1"}],"replies":[{"embeddable":true,"href":"https:\/\/www.adigebuonpastore.it\/index.php?rest_route=%2Fwp%2Fv2%2Fcomments&post=1687"}],"version-history":[{"count":16,"href":"https:\/\/www.adigebuonpastore.it\/index.php?rest_route=\/wp\/v2\/pages\/1687\/revisions"}],"predecessor-version":[{"id":2466,"href":"https:\/\/www.adigebuonpastore.it\/index.php?rest_route=\/wp\/v2\/pages\/1687\/revisions\/2466"}],"wp:attachment":[{"href":"https:\/\/www.adigebuonpastore.it\/index.php?rest_route=%2Fwp%2Fv2%2Fmedia&parent=1687"}],"curies":[{"name":"wp","href":"https:\/\/api.w.org\/{rel}","templated":true}]}}